{"id":13716,"date":"2020-10-09T12:16:25","date_gmt":"2020-10-09T12:16:25","guid":{"rendered":"https:\/\/www.ridea.it\/sostenibilita\/"},"modified":"2020-10-19T13:00:47","modified_gmt":"2020-10-19T13:00:47","slug":"nachhaltigkeit","status":"publish","type":"page","link":"https:\/\/www.ridea.it\/de\/nachhaltigkeit\/","title":{"rendered":"NACHALTIGKEIT"},"content":{"rendered":"\n<pre id=\"tw-target-text\" class=\"wp-block-preformatted\"><\/pre>\n\n\n\n<p class=\"has-large-font-size\"><strong>Ridea ist<\/strong><\/p>\n\n\n\n<p><\/p>\n\n\n\n<p class=\"has-large-font-size\"><strong>nachaltiges<\/strong> <strong>design <\/strong><\/p>\n\n\n\n<p id=\"tw-target-text\"><strong>Umweltvertr\u00e4glichkeit<\/strong><\/p>\n\n\n\n<p id=\"tw-target-text\"><strong>Kreislaufwirtschaft<\/strong><\/p>\n\n\n\n<p><\/p>\n\n\n<p id=\"tw-target-text\" class=\"tw-data-text tw-text-large XcVN5d tw-ta\" dir=\"ltr\" data-placeholder=\"Traduzione\"><span lang=\"de\">Alle unsere Heizk\u00f6rper sind umweltfreundlich, werden ausschlie\u00dflich aus recyceltem Aluminium hergestellt und sind unendlich recycelbar. <\/span><\/p>\n<p class=\"tw-data-text tw-text-large XcVN5d tw-ta\" dir=\"ltr\" data-placeholder=\"Traduzione\"><span lang=\"de\">Das Aluminium, das wir verwenden, stammt aus den positiven Erholungszyklen unserer anderen Konzernunternehmen.<\/span><\/p>\n\n\n<div class=\"wp-block-image is-style-rounded\"><figure class=\"aligncenter size-full is-resized\"><img loading=\"lazy\" decoding=\"async\" src=\"https:\/\/www.ridea.it\/wp-content\/uploads\/2020\/10\/environmental-protection-683437_640-1.jpg\" alt=\"\" class=\"wp-image-13650\" width=\"640\" height=\"360\" srcset=\"https:\/\/www.ridea.it\/wp-content\/uploads\/2020\/10\/environmental-protection-683437_640-1.jpg 640w, https:\/\/www.ridea.it\/wp-content\/uploads\/2020\/10\/environmental-protection-683437_640-1-300x169.jpg 300w\" sizes=\"auto, (max-width: 640px) 100vw, 640px\" \/><\/figure><\/div>\n\n\n\n<p><\/p>\n\n\n\n<p><\/p>\n\n\n\n<p class=\"has-large-font-size\"><strong>+160.000 Ton<\/strong> <\/p>\n\n\n\n<p id=\"tw-target-text\">Von recyceltem Material unserer Gruppe wird ein Prozentsatz des gesamten zur\u00fcckgewonnenen Materials intern zur Herstellung unserer Heizk\u00f6rper verwendet.<\/p>\n\n\n\n<p><\/p>\n\n\n\n<p class=\"has-large-font-size\"><strong>-300.000 Ton<\/strong><\/p>\n\n\n\n<p id=\"tw-target-text\">Die eingesparten Tonnen CO2-\u00c4quivalente werden nicht durch die R\u00fcckgewinnung von Aluminiumabf\u00e4llen in die Atmosph\u00e4re abgegeben.<\/p>\n\n\n\n<p><\/p>\n\n\n\n<p class=\"has-large-font-size\"><strong>+450.000<\/strong><\/p>\n\n\n\n<p>B\u00e4ume mussten all diese Menge an Kohlendioxid umwandeln.<\/p>\n","protected":false},"excerpt":{"rendered":"<p>Ridea ist nachaltiges design Umweltvertr\u00e4glichkeit Kreislaufwirtschaft Alle unsere Heizk\u00f6rper sind umweltfreundlich, werden ausschlie\u00dflich aus recyceltem Aluminium hergestellt und sind unendlich recycelbar. Das Aluminium, das wir verwenden, stammt aus den positiven Erholungszyklen unserer anderen Konzernunternehmen. +160.000 Ton Von recyceltem Material unserer Gruppe wird ein Prozentsatz des gesamten zur\u00fcckgewonnenen Materials intern zur Herstellung unserer Heizk\u00f6rper verwendet. -300.000 [&hellip;]<\/p>\n","protected":false},"author":3,"featured_media":0,"parent":0,"menu_order":0,"comment_status":"closed","ping_status":"closed","template":"template_comfortelettrico.php","meta":{"_acf_changed":false,"footnotes":""},"yst_prominent_words":[456,535,538,539,799,827],"class_list":["post-13716","page","type-page","status-publish","hentry"],"acf":[],"_links":{"self":[{"href":"https:\/\/www.ridea.it\/de\/wp-json\/wp\/v2\/pages\/13716","targetHints":{"allow":["GET"]}}],"collection":[{"href":"https:\/\/www.ridea.it\/de\/wp-json\/wp\/v2\/pages"}],"about":[{"href":"https:\/\/www.ridea.it\/de\/wp-json\/wp\/v2\/types\/page"}],"author":[{"embeddable":true,"href":"https:\/\/www.ridea.it\/de\/wp-json\/wp\/v2\/users\/3"}],"replies":[{"embeddable":true,"href":"https:\/\/www.ridea.it\/de\/wp-json\/wp\/v2\/comments?post=13716"}],"version-history":[{"count":5,"href":"https:\/\/www.ridea.it\/de\/wp-json\/wp\/v2\/pages\/13716\/revisions"}],"predecessor-version":[{"id":14017,"href":"https:\/\/www.ridea.it\/de\/wp-json\/wp\/v2\/pages\/13716\/revisions\/14017"}],"wp:attachment":[{"href":"https:\/\/www.ridea.it\/de\/wp-json\/wp\/v2\/media?parent=13716"}],"wp:term":[{"taxonomy":"yst_prominent_words","embeddable":true,"href":"https:\/\/www.ridea.it\/de\/wp-json\/wp\/v2\/yst_prominent_words?post=13716"}],"curies":[{"name":"wp","href":"https:\/\/api.w.org\/{rel}","templated":true}]}}