{"id":2434,"date":"2017-05-16T13:09:01","date_gmt":"2017-05-16T13:09:01","guid":{"rendered":"https:\/\/www.ridea.it\/azienda\/"},"modified":"2017-12-05T14:38:37","modified_gmt":"2017-12-05T14:38:37","slug":"azienda","status":"publish","type":"page","link":"https:\/\/www.ridea.it\/de\/azienda\/","title":{"rendered":"Firma"},"content":{"rendered":"<p>Gegr\u00fcndet im Jahr 2007 mit der Absicht, die Wahrnehmung des Heizk\u00f6rpers zu erneuern und ihn zu einem echten M\u00f6belst\u00fcck zu machen.<br \/>\nBetreten Sie die Welt von Ridea, wo DESIGN und INNOVATION Ihre Heizung beleben werden.<br \/>\nW\u00e4hlen Sie Ihren Aluminiumheizk\u00f6rper, der in den Enden, in den Gr\u00f6\u00dfen und in den Zubeh\u00f6rteilen v\u00f6llig kundengerecht ist. Wir haben die richtige L\u00f6sung f\u00fcr alle Ihre Anfragen.<\/p>\n","protected":false},"excerpt":{"rendered":"<p>Gegr\u00fcndet im Jahr 2007 mit der Absicht, die Wahrnehmung des Heizk\u00f6rpers zu erneuern und ihn zu einem echten M\u00f6belst\u00fcck zu machen. Betreten Sie die Welt von Ridea, wo DESIGN und INNOVATION Ihre Heizung beleben werden. W\u00e4hlen Sie Ihren Aluminiumheizk\u00f6rper, der in den Enden, in den Gr\u00f6\u00dfen und in den Zubeh\u00f6rteilen v\u00f6llig kundengerecht ist. Wir haben [&hellip;]<\/p>\n","protected":false},"author":1,"featured_media":0,"parent":0,"menu_order":0,"comment_status":"closed","ping_status":"closed","template":"template_scelta.php","meta":{"_acf_changed":false,"footnotes":""},"yst_prominent_words":[],"class_list":["post-2434","page","type-page","status-publish","hentry"],"acf":[],"_links":{"self":[{"href":"https:\/\/www.ridea.it\/de\/wp-json\/wp\/v2\/pages\/2434","targetHints":{"allow":["GET"]}}],"collection":[{"href":"https:\/\/www.ridea.it\/de\/wp-json\/wp\/v2\/pages"}],"about":[{"href":"https:\/\/www.ridea.it\/de\/wp-json\/wp\/v2\/types\/page"}],"author":[{"embeddable":true,"href":"https:\/\/www.ridea.it\/de\/wp-json\/wp\/v2\/users\/1"}],"replies":[{"embeddable":true,"href":"https:\/\/www.ridea.it\/de\/wp-json\/wp\/v2\/comments?post=2434"}],"version-history":[{"count":1,"href":"https:\/\/www.ridea.it\/de\/wp-json\/wp\/v2\/pages\/2434\/revisions"}],"predecessor-version":[{"id":2438,"href":"https:\/\/www.ridea.it\/de\/wp-json\/wp\/v2\/pages\/2434\/revisions\/2438"}],"wp:attachment":[{"href":"https:\/\/www.ridea.it\/de\/wp-json\/wp\/v2\/media?parent=2434"}],"wp:term":[{"taxonomy":"yst_prominent_words","embeddable":true,"href":"https:\/\/www.ridea.it\/de\/wp-json\/wp\/v2\/yst_prominent_words?post=2434"}],"curies":[{"name":"wp","href":"https:\/\/api.w.org\/{rel}","templated":true}]}}