{"id":2435,"date":"2017-05-16T13:09:16","date_gmt":"2017-05-16T13:09:16","guid":{"rendered":"https:\/\/www.ridea.it\/azienda\/chi-siamo\/"},"modified":"2021-12-13T11:29:58","modified_gmt":"2021-12-13T10:29:58","slug":"chi-siamo","status":"publish","type":"page","link":"https:\/\/www.ridea.it\/de\/azienda\/chi-siamo\/","title":{"rendered":"Wer wir sind"},"content":{"rendered":"<p id=\"tw-target-text\" class=\"tw-data-text tw-text-large tw-ta\" dir=\"ltr\" data-placeholder=\"Traduzione\"><span class=\"Y2IQFc\" lang=\"de\"><strong>Ridea srl<\/strong> \u200b\u200bwurde 2007 gegr\u00fcndet, um dem immer anspruchsvolleren italienischen und internationalen M\u00f6beldesignmarkt eine andere und konkrete Antwort zu geben. <\/span><\/p>\n<p class=\"tw-data-text tw-text-large tw-ta\" dir=\"ltr\" data-placeholder=\"Traduzione\"><span class=\"Y2IQFc\" lang=\"de\">Ab M\u00e4rz 2019 wurde die Produktion an den Produktionsstandort in Porto Recanati in der Region Marken verlagert, um die F\u00fchrung der Marke <em>Ridea Heating Design<\/em> im Bereich High-End-Heizsysteme zu st\u00e4rken und alle konstruktiven und technischen Kenntnisse in ein einziges spezialisiertes Zentrum f\u00fcr die Verarbeitung von extrudierten Designprodukten. Die Marke Ridea hat seit jeher wichtige Kooperationen beim Design und der Qualit\u00e4tskontrolle jedes einzelnen Produkts. <\/span><\/p>\n<p class=\"tw-data-text tw-text-large tw-ta\" dir=\"ltr\" data-placeholder=\"Traduzione\"><span class=\"Y2IQFc\" lang=\"de\">Die Marke wird st\u00e4ndig von der <strong>Energieabteilung des Politecnico di Milano<\/strong> und von bedeutenden italienischen Architektur- und Designb\u00fcros unterst\u00fctzt. Das breite Sortiment an dekorativen Heizk\u00f6rpern besteht aus innovativen Designprodukten (stranggepresstes Aluminium und strahlende Platten) mit einzigartigen Eigenschaften und unter Verwendung modernster Produktionstechnologien garantiert die Marke eine handwerkliche Sorgfalt in den Oberfl\u00e4chen auf h\u00f6chstem Niveau, und eine besessene Liebe zum Detail in der reinen italienischen Tradition des Produkts \u201e<strong>Made in Italy<\/strong>\u201c.<\/span><\/p>\n","protected":false},"excerpt":{"rendered":"<p>Ridea srl \u200b\u200bwurde 2007 gegr\u00fcndet, um dem immer anspruchsvolleren italienischen und internationalen M\u00f6beldesignmarkt eine andere und konkrete Antwort zu geben. Ab M\u00e4rz 2019 wurde die Produktion an den Produktionsstandort in Porto Recanati in der Region Marken verlagert, um die F\u00fchrung der Marke Ridea Heating Design im Bereich High-End-Heizsysteme zu st\u00e4rken und alle konstruktiven und technischen [&hellip;]<\/p>\n","protected":false},"author":1,"featured_media":0,"parent":2434,"menu_order":1,"comment_status":"closed","ping_status":"closed","template":"template_chisiamo.php","meta":{"_acf_changed":false,"footnotes":""},"yst_prominent_words":[533,538,539,570,571,572,573,628,640,642,396,452,453,457],"class_list":["post-2435","page","type-page","status-publish","hentry"],"acf":[],"_links":{"self":[{"href":"https:\/\/www.ridea.it\/de\/wp-json\/wp\/v2\/pages\/2435","targetHints":{"allow":["GET"]}}],"collection":[{"href":"https:\/\/www.ridea.it\/de\/wp-json\/wp\/v2\/pages"}],"about":[{"href":"https:\/\/www.ridea.it\/de\/wp-json\/wp\/v2\/types\/page"}],"author":[{"embeddable":true,"href":"https:\/\/www.ridea.it\/de\/wp-json\/wp\/v2\/users\/1"}],"replies":[{"embeddable":true,"href":"https:\/\/www.ridea.it\/de\/wp-json\/wp\/v2\/comments?post=2435"}],"version-history":[{"count":6,"href":"https:\/\/www.ridea.it\/de\/wp-json\/wp\/v2\/pages\/2435\/revisions"}],"predecessor-version":[{"id":15447,"href":"https:\/\/www.ridea.it\/de\/wp-json\/wp\/v2\/pages\/2435\/revisions\/15447"}],"up":[{"embeddable":true,"href":"https:\/\/www.ridea.it\/de\/wp-json\/wp\/v2\/pages\/2434"}],"wp:attachment":[{"href":"https:\/\/www.ridea.it\/de\/wp-json\/wp\/v2\/media?parent=2435"}],"wp:term":[{"taxonomy":"yst_prominent_words","embeddable":true,"href":"https:\/\/www.ridea.it\/de\/wp-json\/wp\/v2\/yst_prominent_words?post=2435"}],"curies":[{"name":"wp","href":"https:\/\/api.w.org\/{rel}","templated":true}]}}