{"id":2445,"date":"2017-05-16T13:12:40","date_gmt":"2017-05-16T13:12:40","guid":{"rendered":"https:\/\/www.ridea.it\/comfort-elettrico\/"},"modified":"2021-06-03T16:41:15","modified_gmt":"2021-06-03T14:41:15","slug":"comfort-elettrico","status":"publish","type":"page","link":"https:\/\/www.ridea.it\/de\/comfort-elettrico\/","title":{"rendered":"Elektrischer Komfort"},"content":{"rendered":"\n<p id=\"tw-target-text\"><strong>DAS NEUE STEUERSYSTEM F\u00dcR IHRE HEIZUNG INL\u00c4NDISCH.<\/strong><\/p>\n\n\n<p id=\"tw-target-text\" class=\"tw-data-text tw-text-large XcVN5d tw-ta\" dir=\"ltr\" data-placeholder=\"Traduzione\"><span class=\"Y2IQFc\" lang=\"de\">Radiatori 2000 Smart erm\u00f6glicht den Gesamtanschluss aller Heizk\u00f6rper im Haus. Jedes Ger\u00e4t ist auf der R\u00fcckseite des Heizk\u00f6rpers installiert und vom Smartphone aus steuerbar &#8211; dank der &#8218;Radiatori 2000 Smart&#8216; App &#8211; oder \u00fcber die kabellose Fernbedienung. <\/span><\/p>\n<p class=\"tw-data-text tw-text-large XcVN5d tw-ta\" dir=\"ltr\" data-placeholder=\"Traduzione\"><span class=\"Y2IQFc\" lang=\"de\">Es ist in bidirektionaler BT-Kommunikation oder mit dem Remote-Wi-Fi-Modul erh\u00e4ltlich.<\/span><\/p>\n<div class=\"wp-block-image wp-image-14719 size-medium is-style-rounded\">\n<figure class=\"alignleft\"><img loading=\"lazy\" decoding=\"async\" class=\"wp-image-14719\" src=\"https:\/\/www.ridea.it\/wp-content\/uploads\/2021\/03\/X-2.170-300x169.jpg\" sizes=\"auto, (max-width: 300px) 100vw, 300px\" srcset=\"https:\/\/www.ridea.it\/wp-content\/uploads\/2021\/03\/X-2.170-300x169.jpg 300w, https:\/\/www.ridea.it\/wp-content\/uploads\/2021\/03\/X-2.170-1024x576.jpg 1024w, https:\/\/www.ridea.it\/wp-content\/uploads\/2021\/03\/X-2.170-768x432.jpg 768w, https:\/\/www.ridea.it\/wp-content\/uploads\/2021\/03\/X-2.170-1536x864.jpg 1536w, https:\/\/www.ridea.it\/wp-content\/uploads\/2021\/03\/X-2.170-2048x1152.jpg 2048w\" alt=\"\" width=\"300\" height=\"169\" \/>\n<figcaption>\n<p id=\"tw-target-text\" class=\"tw-data-text tw-text-large XcVN5d tw-ta\" dir=\"ltr\" data-placeholder=\"Traduzione\"><span class=\"Y2IQFc\" lang=\"de\">Radiatori 2000 Smart Thermostat mit Positionierung unter dem Heizk\u00f6rper oder an der Seite, je nach Kundenwunsch.<\/span><\/p>\n<\/figcaption>\n<\/figure>\n<\/div>\n<div class=\"wp-block-group\">\n<div class=\"wp-block-group__inner-container\">\n<div class=\"wp-block-group\">\n<div class=\"wp-block-group__inner-container\">\n<div class=\"wp-block-image is-style-default\">\n<figure class=\"alignleft size-large is-resized\"><img loading=\"lazy\" decoding=\"async\" class=\"wp-image-14749\" src=\"https:\/\/www.ridea.it\/wp-content\/uploads\/2021\/03\/Leggero-II-bassa-ris-termostato-lato-2.jpg\" sizes=\"auto, (max-width: 309px) 100vw, 309px\" srcset=\"https:\/\/www.ridea.it\/wp-content\/uploads\/2021\/03\/Leggero-II-bassa-ris-termostato-lato-2.jpg 618w, https:\/\/www.ridea.it\/wp-content\/uploads\/2021\/03\/Leggero-II-bassa-ris-termostato-lato-2-210x300.jpg 210w\" alt=\"\" width=\"309\" height=\"442\" \/>\n<figcaption>Smarter Thermostat an der Seite des Heizk\u00f6rpers befestigt<\/figcaption>\n<\/figure>\n<\/div>\n<\/div>\n<\/div>\n<\/div>\n<\/div>\n<p>\u00a0<\/p>\n<div class=\"wp-block-image\">\n<figure class=\"alignleft size-large is-resized\"><img decoding=\"async\" class=\"wp-image-14762\" src=\"https:\/\/www.ridea.it\/wp-content\/uploads\/2021\/03\/OthelloPlate_Bianco_elettronica_verde-1-853x1024.jpg\" sizes=\"(max-width: 853px) 100vw, 853px\" srcset=\"https:\/\/www.ridea.it\/wp-content\/uploads\/2021\/03\/OthelloPlate_Bianco_elettronica_verde-1-853x1024.jpg 853w, https:\/\/www.ridea.it\/wp-content\/uploads\/2021\/03\/OthelloPlate_Bianco_elettronica_verde-1-250x300.jpg 250w, https:\/\/www.ridea.it\/wp-content\/uploads\/2021\/03\/OthelloPlate_Bianco_elettronica_verde-1-768x922.jpg 768w, https:\/\/www.ridea.it\/wp-content\/uploads\/2021\/03\/OthelloPlate_Bianco_elettronica_verde-1-1280x1536.jpg 1280w, https:\/\/www.ridea.it\/wp-content\/uploads\/2021\/03\/OthelloPlate_Bianco_elettronica_verde-1-1706x2048.jpg 1706w\" alt=\"\" width=\"309\" \/>\n<figcaption>\n<div id=\"tw-container\" class=\"YQaNob\" data-cp=\"1\" data-is-ver=\"false\" data-nnttsvi=\"1\" data-sm=\"1\" data-sugg-time=\"500\" data-sugg-url=\"https:\/\/clients1.google.com\/complete\/search\" data-uilc=\"it\">\n<div>\n<div>\n<div id=\"tw-ob\" class=\"tw-src-ltr\">\n<div class=\"oSioSc\">\n<div id=\"tw-target\">\n<div id=\"kAz1tf\" class=\"g9WsWb\">\n<div id=\"tw-target-text-container\" class=\"tw-ta-container hide-focus-ring tw-nfl\" tabindex=\"0\">\n<p id=\"tw-target-text\" class=\"tw-data-text tw-text-large XcVN5d tw-ta\" dir=\"ltr\" data-placeholder=\"Traduzione\"><span class=\"Y2IQFc\" lang=\"de\">Smarter Thermostat an der Seite des Heizk\u00f6rpers befestigt<\/span><\/p>\n<\/div>\n<\/div>\n<\/div>\n<\/div>\n<\/div>\n<\/div>\n<\/div>\n<\/div>\n<\/figcaption>\n<\/figure>\n<\/div>\n<p>\u00a0<\/p>\n<p>\u00a0<\/p>\n<p>\u00a0<\/p>\n<p>\u00a0<\/p>\n<p>\u00a0<\/p>\n<p>\u00a0<\/p>\n<p>\u00a0<\/p>\n<p>\u00a0<\/p>\n<p>\u00a0<\/p>\n<p>\u00a0<\/p>\n<p>\u00a0<\/p>\n<p>\u00a0<\/p>\n<div class=\"wp-block-columns\">\n<div class=\"wp-block-column\">\n<div class=\"wp-block-columns\">\n<div class=\"wp-block-column\">\u00a0<\/div>\n<\/div>\n<\/div>\n<\/div>\n<div class=\"wp-block-buttons is-content-justification-left\">\n<div class=\"wp-block-button\">\n<p id=\"tw-target-text\" class=\"tw-data-text tw-text-large XcVN5d tw-ta\" dir=\"ltr\" data-placeholder=\"Traduzione\"><a href=\"https:\/\/www.ridea.it\/wp-content\/uploads\/2021\/03\/Radiatori2000-Electric-range-IT_EN_low.pdf\" target=\"_blank\" rel=\"noopener\"><strong><span class=\"Y2IQFc\" lang=\"de\">LADEN SIE DIE BROSCH\u00dcRE HERUNTER<\/span><\/strong><\/a><\/p>\n<\/div>\n<\/div>","protected":false},"excerpt":{"rendered":"<p>DAS NEUE STEUERSYSTEM F\u00dcR IHRE HEIZUNG INL\u00c4NDISCH. Radiatori 2000 Smart erm\u00f6glicht den Gesamtanschluss aller Heizk\u00f6rper im Haus. Jedes Ger\u00e4t ist auf der R\u00fcckseite des Heizk\u00f6rpers installiert und vom Smartphone aus steuerbar &#8211; dank der &#8218;Radiatori 2000 Smart&#8216; App &#8211; oder \u00fcber die kabellose Fernbedienung. Es ist in bidirektionaler BT-Kommunikation oder mit dem Remote-Wi-Fi-Modul erh\u00e4ltlich. Radiatori [&hellip;]<\/p>\n","protected":false},"author":1,"featured_media":0,"parent":0,"menu_order":0,"comment_status":"closed","ping_status":"closed","template":"template_comfortelettrico.php","meta":{"_acf_changed":false,"footnotes":""},"yst_prominent_words":[461],"class_list":["post-2445","page","type-page","status-publish","hentry"],"acf":[],"_links":{"self":[{"href":"https:\/\/www.ridea.it\/de\/wp-json\/wp\/v2\/pages\/2445","targetHints":{"allow":["GET"]}}],"collection":[{"href":"https:\/\/www.ridea.it\/de\/wp-json\/wp\/v2\/pages"}],"about":[{"href":"https:\/\/www.ridea.it\/de\/wp-json\/wp\/v2\/types\/page"}],"author":[{"embeddable":true,"href":"https:\/\/www.ridea.it\/de\/wp-json\/wp\/v2\/users\/1"}],"replies":[{"embeddable":true,"href":"https:\/\/www.ridea.it\/de\/wp-json\/wp\/v2\/comments?post=2445"}],"version-history":[{"count":13,"href":"https:\/\/www.ridea.it\/de\/wp-json\/wp\/v2\/pages\/2445\/revisions"}],"predecessor-version":[{"id":15120,"href":"https:\/\/www.ridea.it\/de\/wp-json\/wp\/v2\/pages\/2445\/revisions\/15120"}],"wp:attachment":[{"href":"https:\/\/www.ridea.it\/de\/wp-json\/wp\/v2\/media?parent=2445"}],"wp:term":[{"taxonomy":"yst_prominent_words","embeddable":true,"href":"https:\/\/www.ridea.it\/de\/wp-json\/wp\/v2\/yst_prominent_words?post=2445"}],"curies":[{"name":"wp","href":"https:\/\/api.w.org\/{rel}","templated":true}]}}