{"id":2467,"date":"2017-09-05T13:49:34","date_gmt":"2017-09-05T13:49:34","guid":{"rendered":"https:\/\/www.ridea.it\/termoarredi-personalizzabili-piastre-design\/"},"modified":"2017-12-05T16:06:04","modified_gmt":"2017-12-05T16:06:04","slug":"termoarredi-personalizzabili-piastre-design","status":"publish","type":"page","link":"https:\/\/www.ridea.it\/de\/termoarredi-personalizzabili-piastre-design\/","title":{"rendered":"Individualisierungen"},"content":{"rendered":"<div class=\"lined\">\n<div class=\"lined2\"><img loading=\"lazy\" decoding=\"async\" width=\"30\" height=\"30\" class=\"img-centrata size-full wp-image-1866\" src=\"https:\/\/www.ridea.it\/wp-content\/uploads\/2017\/05\/icona_personalizzazioni.png\" alt=\"\" \/><\/div>\n<\/div>\n<p><em>\u201cDesign ist einer der wichtigsten Faktoren bei der Suche nach L\u00f6sungen auf dem neuesten Stand der Technik, die das Aussehen eines Objekts ver\u00e4ndern k\u00f6nnen, aber noch wichtiger ist es, es mit einer realistischen Funktionalit\u00e4t zu kombinieren, die sich aus der Verwendung fortschrittlicher Technologien zur L\u00f6sung konkreter Probleme ergibt.\u201d.<\/em><\/p>\n<p><em>Ridea R&amp;D Team<\/em><\/p>\n","protected":false},"excerpt":{"rendered":"<p>\u201cDesign ist einer der wichtigsten Faktoren bei der Suche nach L\u00f6sungen auf dem neuesten Stand der Technik, die das Aussehen eines Objekts ver\u00e4ndern k\u00f6nnen, aber noch wichtiger ist es, es mit einer realistischen Funktionalit\u00e4t zu kombinieren, die sich aus der Verwendung fortschrittlicher Technologien zur L\u00f6sung konkreter Probleme ergibt.\u201d. Ridea R&amp;D Team<\/p>\n","protected":false},"author":1,"featured_media":0,"parent":0,"menu_order":0,"comment_status":"closed","ping_status":"closed","template":"template_personalizzazioni.php","meta":{"_acf_changed":false,"footnotes":""},"yst_prominent_words":[],"class_list":["post-2467","page","type-page","status-publish","hentry"],"acf":[],"_links":{"self":[{"href":"https:\/\/www.ridea.it\/de\/wp-json\/wp\/v2\/pages\/2467","targetHints":{"allow":["GET"]}}],"collection":[{"href":"https:\/\/www.ridea.it\/de\/wp-json\/wp\/v2\/pages"}],"about":[{"href":"https:\/\/www.ridea.it\/de\/wp-json\/wp\/v2\/types\/page"}],"author":[{"embeddable":true,"href":"https:\/\/www.ridea.it\/de\/wp-json\/wp\/v2\/users\/1"}],"replies":[{"embeddable":true,"href":"https:\/\/www.ridea.it\/de\/wp-json\/wp\/v2\/comments?post=2467"}],"version-history":[{"count":2,"href":"https:\/\/www.ridea.it\/de\/wp-json\/wp\/v2\/pages\/2467\/revisions"}],"predecessor-version":[{"id":2473,"href":"https:\/\/www.ridea.it\/de\/wp-json\/wp\/v2\/pages\/2467\/revisions\/2473"}],"wp:attachment":[{"href":"https:\/\/www.ridea.it\/de\/wp-json\/wp\/v2\/media?parent=2467"}],"wp:term":[{"taxonomy":"yst_prominent_words","embeddable":true,"href":"https:\/\/www.ridea.it\/de\/wp-json\/wp\/v2\/yst_prominent_words?post=2467"}],"curies":[{"name":"wp","href":"https:\/\/api.w.org\/{rel}","templated":true}]}}