{"id":2231,"date":"2017-05-11T15:40:21","date_gmt":"2017-05-11T15:40:21","guid":{"rendered":"https:\/\/www.ridea.it\/home\/"},"modified":"2022-01-18T13:05:53","modified_gmt":"2022-01-18T12:05:53","slug":"home","status":"publish","type":"page","link":"https:\/\/www.ridea.it\/es\/","title":{"rendered":"C\u00e1lido dise\u00f1o de decoraci\u00f3n"},"content":{"rendered":"<p><em>\u00abEl buen dise\u00f1o es visualmente potente, con elegancia intelectual y, sobre todo, intemporal.\u00bb<\/em><br \/>\n<em>Massimo Vignelli<\/em><\/p>\n<p>Excelencia en la calidad, distinci\u00f3n en el concepto, dise\u00f1o funcional y atenci\u00f3n a los detalles.Ridea Heating Design ha transformado el concepto de radiador, pasando de elemento de servicio a protagonista absoluto de la decoraci\u00f3n dom\u00e9stica.Soluciones de alto valor inspiradas en una cultura ecol\u00f3gica y sostenible, manteniendo intacta la tradici\u00f3n del producto \u00abMade in Italy\u00bb, basada en el buen gusto y las soluciones t\u00e9cnicas innovadoras.<\/p>\n<p><strong>D\u00e9jate inspirar por nuestras colecciones o crea tu radiador personalizado.<\/strong><\/p>\n","protected":false},"excerpt":{"rendered":"<p>\u00abEl buen dise\u00f1o es visualmente potente, con elegancia intelectual y, sobre todo, intemporal.\u00bb Massimo Vignelli Excelencia en la calidad, distinci\u00f3n en el concepto, dise\u00f1o funcional y atenci\u00f3n a los detalles.Ridea Heating Design ha transformado el concepto de radiador, pasando de elemento de servicio a protagonista absoluto de la decoraci\u00f3n dom\u00e9stica.Soluciones de alto valor inspiradas en [&hellip;]<\/p>\n","protected":false},"author":1,"featured_media":0,"parent":0,"menu_order":0,"comment_status":"closed","ping_status":"closed","template":"template_home.php","meta":{"_acf_changed":false,"footnotes":""},"yst_prominent_words":[513,514,515,516,446,449,450,510,511,512],"class_list":["post-2231","page","type-page","status-publish","hentry"],"acf":[],"_links":{"self":[{"href":"https:\/\/www.ridea.it\/es\/wp-json\/wp\/v2\/pages\/2231","targetHints":{"allow":["GET"]}}],"collection":[{"href":"https:\/\/www.ridea.it\/es\/wp-json\/wp\/v2\/pages"}],"about":[{"href":"https:\/\/www.ridea.it\/es\/wp-json\/wp\/v2\/types\/page"}],"author":[{"embeddable":true,"href":"https:\/\/www.ridea.it\/es\/wp-json\/wp\/v2\/users\/1"}],"replies":[{"embeddable":true,"href":"https:\/\/www.ridea.it\/es\/wp-json\/wp\/v2\/comments?post=2231"}],"version-history":[{"count":18,"href":"https:\/\/www.ridea.it\/es\/wp-json\/wp\/v2\/pages\/2231\/revisions"}],"predecessor-version":[{"id":15558,"href":"https:\/\/www.ridea.it\/es\/wp-json\/wp\/v2\/pages\/2231\/revisions\/15558"}],"wp:attachment":[{"href":"https:\/\/www.ridea.it\/es\/wp-json\/wp\/v2\/media?parent=2231"}],"wp:term":[{"taxonomy":"yst_prominent_words","embeddable":true,"href":"https:\/\/www.ridea.it\/es\/wp-json\/wp\/v2\/yst_prominent_words?post=2231"}],"curies":[{"name":"wp","href":"https:\/\/api.w.org\/{rel}","templated":true}]}}