{"id":2234,"date":"2017-05-16T13:09:01","date_gmt":"2017-05-16T13:09:01","guid":{"rendered":"https:\/\/www.ridea.it\/azienda\/"},"modified":"2017-12-01T13:57:22","modified_gmt":"2017-12-01T13:57:22","slug":"azienda","status":"publish","type":"page","link":"https:\/\/www.ridea.it\/es\/azienda\/","title":{"rendered":"Empresa"},"content":{"rendered":"<p>Fundada en 2007 con la intenci\u00f3n de renovar la percepci\u00f3n del radiador convirti\u00e9ndolo en un verdadero mueble.<br \/>\nEntra en el mundo de Ridea donde DISE\u00d1O e INNOVACI\u00d3N animar\u00e1n tu calefacci\u00f3n.<br \/>\nElija su radiador de aluminio completamente personalizable en acabados, tama\u00f1os y accesorios. Tenemos la soluci\u00f3n correcta para todas sus solicitudes.<\/p>\n","protected":false},"excerpt":{"rendered":"<p>Fundada en 2007 con la intenci\u00f3n de renovar la percepci\u00f3n del radiador convirti\u00e9ndolo en un verdadero mueble. Entra en el mundo de Ridea donde DISE\u00d1O e INNOVACI\u00d3N animar\u00e1n tu calefacci\u00f3n. Elija su radiador de aluminio completamente personalizable en acabados, tama\u00f1os y accesorios. Tenemos la soluci\u00f3n correcta para todas sus solicitudes.<\/p>\n","protected":false},"author":1,"featured_media":0,"parent":0,"menu_order":0,"comment_status":"closed","ping_status":"closed","template":"template_scelta.php","meta":{"_acf_changed":false,"footnotes":""},"yst_prominent_words":[],"class_list":["post-2234","page","type-page","status-publish","hentry"],"acf":[],"_links":{"self":[{"href":"https:\/\/www.ridea.it\/es\/wp-json\/wp\/v2\/pages\/2234","targetHints":{"allow":["GET"]}}],"collection":[{"href":"https:\/\/www.ridea.it\/es\/wp-json\/wp\/v2\/pages"}],"about":[{"href":"https:\/\/www.ridea.it\/es\/wp-json\/wp\/v2\/types\/page"}],"author":[{"embeddable":true,"href":"https:\/\/www.ridea.it\/es\/wp-json\/wp\/v2\/users\/1"}],"replies":[{"embeddable":true,"href":"https:\/\/www.ridea.it\/es\/wp-json\/wp\/v2\/comments?post=2234"}],"version-history":[{"count":2,"href":"https:\/\/www.ridea.it\/es\/wp-json\/wp\/v2\/pages\/2234\/revisions"}],"predecessor-version":[{"id":2239,"href":"https:\/\/www.ridea.it\/es\/wp-json\/wp\/v2\/pages\/2234\/revisions\/2239"}],"wp:attachment":[{"href":"https:\/\/www.ridea.it\/es\/wp-json\/wp\/v2\/media?parent=2234"}],"wp:term":[{"taxonomy":"yst_prominent_words","embeddable":true,"href":"https:\/\/www.ridea.it\/es\/wp-json\/wp\/v2\/yst_prominent_words?post=2234"}],"curies":[{"name":"wp","href":"https:\/\/api.w.org\/{rel}","templated":true}]}}