{"id":2235,"date":"2017-05-16T13:09:16","date_gmt":"2017-05-16T13:09:16","guid":{"rendered":"https:\/\/www.ridea.it\/azienda\/chi-siamo\/"},"modified":"2021-12-13T11:23:39","modified_gmt":"2021-12-13T10:23:39","slug":"chi-siamo","status":"publish","type":"page","link":"https:\/\/www.ridea.it\/es\/azienda\/chi-siamo\/","title":{"rendered":"Qui\u00e9nes somos"},"content":{"rendered":"<p id=\"tw-target-text\" class=\"tw-data-text tw-text-large tw-ta\" dir=\"ltr\" data-placeholder=\"Traduzione\"><span class=\"Y2IQFc\" lang=\"es\"><strong>Ridea srl<\/strong>, fue fundada en 2007 para dar una respuesta diferente y concreta al cada vez m\u00e1s exigente mercado italiano e internacional del dise\u00f1o de muebles. A partir de marzo de 2019, la producci\u00f3n se transfiri\u00f3 al sitio de producci\u00f3n en Porto Recanati, en la regi\u00f3n de Marche, con el fin de fortalecer el liderazgo de la marca <em>Ridea Heating Design<\/em> en el sector de los sistemas de calefacci\u00f3n de alta gama y combinar todos los conocimientos t\u00e9cnicos y de construcci\u00f3n en un solo centro especializado para el procesamiento de productos extruidos de dise\u00f1o. <\/span><\/p>\n<p class=\"tw-data-text tw-text-large tw-ta\" dir=\"ltr\" data-placeholder=\"Traduzione\"><span class=\"Y2IQFc\" lang=\"es\">La marca Ridea siempre ha contado con importantes colaboraciones en el dise\u00f1o y control de calidad de cada producto individual. La marca cuenta con el apoyo constante del <strong>Departamento de Energ\u00eda del Politecnico di Milano<\/strong> y de importantes firmas italianas de arquitectura y dise\u00f1o. La amplia gama de radiadores decorativos est\u00e1 compuesta por productos de dise\u00f1o innovador (aluminio extrusionado y placas radiantes) con caracter\u00edsticas \u00fanicas y, haciendo uso de las tecnolog\u00edas de producci\u00f3n m\u00e1s sofisticadas, la marca garantiza un cuidado artesanal en los acabados, todo del m\u00e1s alto nivel. y una &#8216;atenci\u00f3n obsesiva al detalle en la pura tradici\u00f3n italiana del producto \u201c<strong>Made in Italy<\/strong>\u201d.<\/span><\/p>\n","protected":false},"excerpt":{"rendered":"<p>Ridea srl, fue fundada en 2007 para dar una respuesta diferente y concreta al cada vez m\u00e1s exigente mercado italiano e internacional del dise\u00f1o de muebles. A partir de marzo de 2019, la producci\u00f3n se transfiri\u00f3 al sitio de producci\u00f3n en Porto Recanati, en la regi\u00f3n de Marche, con el fin de fortalecer el liderazgo [&hellip;]<\/p>\n","protected":false},"author":1,"featured_media":0,"parent":2234,"menu_order":1,"comment_status":"closed","ping_status":"closed","template":"template_chisiamo.php","meta":{"_acf_changed":false,"footnotes":""},"yst_prominent_words":[449,450,457,511,514,576,577,578,580,582,583,584,585,616,446],"class_list":["post-2235","page","type-page","status-publish","hentry"],"acf":[],"_links":{"self":[{"href":"https:\/\/www.ridea.it\/es\/wp-json\/wp\/v2\/pages\/2235","targetHints":{"allow":["GET"]}}],"collection":[{"href":"https:\/\/www.ridea.it\/es\/wp-json\/wp\/v2\/pages"}],"about":[{"href":"https:\/\/www.ridea.it\/es\/wp-json\/wp\/v2\/types\/page"}],"author":[{"embeddable":true,"href":"https:\/\/www.ridea.it\/es\/wp-json\/wp\/v2\/users\/1"}],"replies":[{"embeddable":true,"href":"https:\/\/www.ridea.it\/es\/wp-json\/wp\/v2\/comments?post=2235"}],"version-history":[{"count":5,"href":"https:\/\/www.ridea.it\/es\/wp-json\/wp\/v2\/pages\/2235\/revisions"}],"predecessor-version":[{"id":15443,"href":"https:\/\/www.ridea.it\/es\/wp-json\/wp\/v2\/pages\/2235\/revisions\/15443"}],"up":[{"embeddable":true,"href":"https:\/\/www.ridea.it\/es\/wp-json\/wp\/v2\/pages\/2234"}],"wp:attachment":[{"href":"https:\/\/www.ridea.it\/es\/wp-json\/wp\/v2\/media?parent=2235"}],"wp:term":[{"taxonomy":"yst_prominent_words","embeddable":true,"href":"https:\/\/www.ridea.it\/es\/wp-json\/wp\/v2\/yst_prominent_words?post=2235"}],"curies":[{"name":"wp","href":"https:\/\/api.w.org\/{rel}","templated":true}]}}