{"id":2236,"date":"2017-05-16T13:09:33","date_gmt":"2017-05-16T13:09:33","guid":{"rendered":"https:\/\/www.ridea.it\/azienda\/mission-valori\/"},"modified":"2017-12-01T14:11:23","modified_gmt":"2017-12-01T14:11:23","slug":"mission-valori","status":"publish","type":"page","link":"https:\/\/www.ridea.it\/es\/azienda\/mission-valori\/","title":{"rendered":"Misi\u00f3n y valores"},"content":{"rendered":"<p style=\"text-align: center;\">Representamos el nuevo concepto de calefacci\u00f3n donde elegancia, belleza, tecnolog\u00eda y funcionalidad se funden armoniosamente.A partir de hoy la calefacci\u00f3n ya no ser\u00e1 lo mismo.<br \/>\nRelax, confort, calor: durante mucho tiempo un radiador solo nos ha dado esto.<br \/>\n<strong>Ridea ofrece adem\u00e1s tecnolog\u00eda, est\u00e9tica, dise\u00f1o y creatividad.<\/strong><\/p>\n<p style=\"text-align: center;\">Para lograr un equilibrio nuevo:<br \/>\nla uni\u00f3n de funcionalidad y belleza, de utilidad y arte, de alta tecnolog\u00eda y respeto al medioambiente.<br \/>\nLa idea que faltaba en calefacci\u00f3n y los radiadores ya no volver\u00e1n a ser lo mismo nunca.<\/p>\n","protected":false},"excerpt":{"rendered":"<p>Representamos el nuevo concepto de calefacci\u00f3n donde elegancia, belleza, tecnolog\u00eda y funcionalidad se funden armoniosamente.A partir de hoy la calefacci\u00f3n ya no ser\u00e1 lo mismo. Relax, confort, calor: durante mucho tiempo un radiador solo nos ha dado esto. Ridea ofrece adem\u00e1s tecnolog\u00eda, est\u00e9tica, dise\u00f1o y creatividad. Para lograr un equilibrio nuevo: la uni\u00f3n de funcionalidad [&hellip;]<\/p>\n","protected":false},"author":1,"featured_media":0,"parent":2234,"menu_order":2,"comment_status":"closed","ping_status":"closed","template":"template_missionevalori.php","meta":{"_acf_changed":false,"footnotes":""},"yst_prominent_words":[],"class_list":["post-2236","page","type-page","status-publish","hentry"],"acf":[],"_links":{"self":[{"href":"https:\/\/www.ridea.it\/es\/wp-json\/wp\/v2\/pages\/2236","targetHints":{"allow":["GET"]}}],"collection":[{"href":"https:\/\/www.ridea.it\/es\/wp-json\/wp\/v2\/pages"}],"about":[{"href":"https:\/\/www.ridea.it\/es\/wp-json\/wp\/v2\/types\/page"}],"author":[{"embeddable":true,"href":"https:\/\/www.ridea.it\/es\/wp-json\/wp\/v2\/users\/1"}],"replies":[{"embeddable":true,"href":"https:\/\/www.ridea.it\/es\/wp-json\/wp\/v2\/comments?post=2236"}],"version-history":[{"count":2,"href":"https:\/\/www.ridea.it\/es\/wp-json\/wp\/v2\/pages\/2236\/revisions"}],"predecessor-version":[{"id":2243,"href":"https:\/\/www.ridea.it\/es\/wp-json\/wp\/v2\/pages\/2236\/revisions\/2243"}],"up":[{"embeddable":true,"href":"https:\/\/www.ridea.it\/es\/wp-json\/wp\/v2\/pages\/2234"}],"wp:attachment":[{"href":"https:\/\/www.ridea.it\/es\/wp-json\/wp\/v2\/media?parent=2236"}],"wp:term":[{"taxonomy":"yst_prominent_words","embeddable":true,"href":"https:\/\/www.ridea.it\/es\/wp-json\/wp\/v2\/yst_prominent_words?post=2236"}],"curies":[{"name":"wp","href":"https:\/\/api.w.org\/{rel}","templated":true}]}}