{"id":2237,"date":"2017-05-16T13:09:45","date_gmt":"2017-05-16T13:09:45","guid":{"rendered":"https:\/\/www.ridea.it\/azienda\/gruppo-fecs\/"},"modified":"2020-10-19T12:20:47","modified_gmt":"2020-10-19T12:20:47","slug":"gruppo-fecs","status":"publish","type":"page","link":"https:\/\/www.ridea.it\/es\/azienda\/gruppo-fecs\/","title":{"rendered":"Grupo Fecs"},"content":{"rendered":"<p id=\"tw-target-text\" class=\"tw-data-text tw-text-large XcVN5d tw-ta\" dir=\"ltr\" data-placeholder=\"Traduzione\"><span lang=\"es\">El <strong>grupo industrial FECS<\/strong>, liderado por el empresario Olivo Foglieni, fue fundado en 1999. Unos a\u00f1os m\u00e1s tarde se ha convertido en una realidad \u00fanica en su tipo, un sistema verticalizado de empresas que operan bajo una econom\u00eda circular perfecta. <\/span><\/p>\n<p class=\"tw-data-text tw-text-large XcVN5d tw-ta\" dir=\"ltr\" data-placeholder=\"Traduzione\"><span lang=\"es\">Gracias a las diversas empresas que lo componen, el Grupo cierra en s\u00ed mismo un ciclo productivo verticalizado que pocos en el mundo poseen: de la chatarra a la materia prima, de los commodities a los productos acabados de dise\u00f1o, trabajando con miras al desarrollo sostenible y preservando importantes recursos. recursos naturales de nuestro planeta, dando nueva vida a lo que para muchos se considera \u00abdesperdicio\u00bb.<\/span><\/p>\n<p><a class=\"leggi\" href=\"https:\/\/www.youtube.com\/watch?v=_fRraP6F1fU\" target=\"_blank\" rel=\"noopener noreferrer\">MIRA EL VIDEO DEL GRUPO<\/a><\/p>\n<p>\u00a0<\/p>\n\n\n<div class=\"wp-block-image\"><figure class=\"aligncenter size-large\"><img loading=\"lazy\" decoding=\"async\" width=\"1024\" height=\"724\" src=\"https:\/\/www.ridea.it\/wp-content\/uploads\/2020\/10\/infografica-Economia-Circolare-OK-nov2019-1024x724.jpg\" alt=\"\" class=\"wp-image-13967\" srcset=\"https:\/\/www.ridea.it\/wp-content\/uploads\/2020\/10\/infografica-Economia-Circolare-OK-nov2019-1024x724.jpg 1024w, https:\/\/www.ridea.it\/wp-content\/uploads\/2020\/10\/infografica-Economia-Circolare-OK-nov2019-300x212.jpg 300w, https:\/\/www.ridea.it\/wp-content\/uploads\/2020\/10\/infografica-Economia-Circolare-OK-nov2019-768x543.jpg 768w, https:\/\/www.ridea.it\/wp-content\/uploads\/2020\/10\/infografica-Economia-Circolare-OK-nov2019-1536x1086.jpg 1536w, https:\/\/www.ridea.it\/wp-content\/uploads\/2020\/10\/infografica-Economia-Circolare-OK-nov2019-2048x1448.jpg 2048w\" sizes=\"auto, (max-width: 1024px) 100vw, 1024px\" \/><\/figure><\/div>\n","protected":false},"excerpt":{"rendered":"<p>El grupo industrial FECS, liderado por el empresario Olivo Foglieni, fue fundado en 1999. Unos a\u00f1os m\u00e1s tarde se ha convertido en una realidad \u00fanica en su tipo, un sistema verticalizado de empresas que operan bajo una econom\u00eda circular perfecta. Gracias a las diversas empresas que lo componen, el Grupo cierra en s\u00ed mismo un [&hellip;]<\/p>\n","protected":false},"author":1,"featured_media":0,"parent":2234,"menu_order":3,"comment_status":"closed","ping_status":"closed","template":"template_children.php","meta":{"_acf_changed":false,"footnotes":""},"yst_prominent_words":[450,451,804,446,449],"class_list":["post-2237","page","type-page","status-publish","hentry"],"acf":[],"_links":{"self":[{"href":"https:\/\/www.ridea.it\/es\/wp-json\/wp\/v2\/pages\/2237","targetHints":{"allow":["GET"]}}],"collection":[{"href":"https:\/\/www.ridea.it\/es\/wp-json\/wp\/v2\/pages"}],"about":[{"href":"https:\/\/www.ridea.it\/es\/wp-json\/wp\/v2\/types\/page"}],"author":[{"embeddable":true,"href":"https:\/\/www.ridea.it\/es\/wp-json\/wp\/v2\/users\/1"}],"replies":[{"embeddable":true,"href":"https:\/\/www.ridea.it\/es\/wp-json\/wp\/v2\/comments?post=2237"}],"version-history":[{"count":6,"href":"https:\/\/www.ridea.it\/es\/wp-json\/wp\/v2\/pages\/2237\/revisions"}],"predecessor-version":[{"id":13971,"href":"https:\/\/www.ridea.it\/es\/wp-json\/wp\/v2\/pages\/2237\/revisions\/13971"}],"up":[{"embeddable":true,"href":"https:\/\/www.ridea.it\/es\/wp-json\/wp\/v2\/pages\/2234"}],"wp:attachment":[{"href":"https:\/\/www.ridea.it\/es\/wp-json\/wp\/v2\/media?parent=2237"}],"wp:term":[{"taxonomy":"yst_prominent_words","embeddable":true,"href":"https:\/\/www.ridea.it\/es\/wp-json\/wp\/v2\/yst_prominent_words?post=2237"}],"curies":[{"name":"wp","href":"https:\/\/api.w.org\/{rel}","templated":true}]}}