{"id":2270,"date":"2017-09-05T13:49:34","date_gmt":"2017-09-05T13:49:34","guid":{"rendered":"https:\/\/www.ridea.it\/termoarredi-personalizzabili-piastre-design\/"},"modified":"2017-12-01T15:17:46","modified_gmt":"2017-12-01T15:17:46","slug":"termoarredi-personalizzabili-piastre-design","status":"publish","type":"page","link":"https:\/\/www.ridea.it\/es\/termoarredi-personalizzabili-piastre-design\/","title":{"rendered":"Personalizaciones"},"content":{"rendered":"<div class=\"lined\">\n<div class=\"lined2\"><img loading=\"lazy\" decoding=\"async\" width=\"30\" height=\"30\" class=\"img-centrata size-full wp-image-1866\" src=\"https:\/\/www.ridea.it\/wp-content\/uploads\/2017\/05\/icona_personalizzazioni.png\" alt=\"\" \/><\/div>\n<\/div>\n<p><em>\u201cEl dise\u00f1o es uno de los factores m\u00e1s importantes para encontrar soluciones de vanguardia, capaces de cambiar el aspecto de un objeto, pero resulta todav\u00eda m\u00e1s importante combinarlo con una funcionalidad real derivada del uso de tecnolog\u00edas avanzadas destinadas a resolver problemas concretos\u201d.<\/em><\/p>\n<p><em>Ridea R&amp;D Team<\/em><\/p>\n","protected":false},"excerpt":{"rendered":"<p>\u201cEl dise\u00f1o es uno de los factores m\u00e1s importantes para encontrar soluciones de vanguardia, capaces de cambiar el aspecto de un objeto, pero resulta todav\u00eda m\u00e1s importante combinarlo con una funcionalidad real derivada del uso de tecnolog\u00edas avanzadas destinadas a resolver problemas concretos\u201d. Ridea R&amp;D Team<\/p>\n","protected":false},"author":1,"featured_media":0,"parent":0,"menu_order":0,"comment_status":"closed","ping_status":"closed","template":"template_personalizzazioni.php","meta":{"_acf_changed":false,"footnotes":""},"yst_prominent_words":[],"class_list":["post-2270","page","type-page","status-publish","hentry"],"acf":[],"_links":{"self":[{"href":"https:\/\/www.ridea.it\/es\/wp-json\/wp\/v2\/pages\/2270","targetHints":{"allow":["GET"]}}],"collection":[{"href":"https:\/\/www.ridea.it\/es\/wp-json\/wp\/v2\/pages"}],"about":[{"href":"https:\/\/www.ridea.it\/es\/wp-json\/wp\/v2\/types\/page"}],"author":[{"embeddable":true,"href":"https:\/\/www.ridea.it\/es\/wp-json\/wp\/v2\/users\/1"}],"replies":[{"embeddable":true,"href":"https:\/\/www.ridea.it\/es\/wp-json\/wp\/v2\/comments?post=2270"}],"version-history":[{"count":2,"href":"https:\/\/www.ridea.it\/es\/wp-json\/wp\/v2\/pages\/2270\/revisions"}],"predecessor-version":[{"id":2274,"href":"https:\/\/www.ridea.it\/es\/wp-json\/wp\/v2\/pages\/2270\/revisions\/2274"}],"wp:attachment":[{"href":"https:\/\/www.ridea.it\/es\/wp-json\/wp\/v2\/media?parent=2270"}],"wp:term":[{"taxonomy":"yst_prominent_words","embeddable":true,"href":"https:\/\/www.ridea.it\/es\/wp-json\/wp\/v2\/yst_prominent_words?post=2270"}],"curies":[{"name":"wp","href":"https:\/\/api.w.org\/{rel}","templated":true}]}}