{"id":13715,"date":"2020-10-09T12:16:25","date_gmt":"2020-10-09T12:16:25","guid":{"rendered":"https:\/\/www.ridea.it\/sostenibilita\/"},"modified":"2020-10-19T12:59:35","modified_gmt":"2020-10-19T12:59:35","slug":"durabilite","status":"publish","type":"page","link":"https:\/\/www.ridea.it\/fr\/durabilite\/","title":{"rendered":"DURABILIT\u00c9"},"content":{"rendered":"\n<p class=\"has-large-font-size\"><strong>Ridea est<\/strong><\/p>\n\n\n\n<p><\/p>\n\n\n\n<p class=\"has-large-font-size\"><strong>design durable<\/strong><\/p>\n\n\n\n<p class=\"has-large-font-size\"><strong>la<\/strong> <strong>durabilit\u00e9 de l&rsquo;environnement.<\/strong><\/p>\n\n\n\n<p class=\"has-large-font-size\"><strong>\u00e9conomie circulaire.<\/strong><\/p>\n\n\n\n<p><\/p>\n\n\n<p><\/p>\n<p>Tous nos radiateurs sont <strong>\u00e9cologiques<\/strong>, fabriqu\u00e9s exclusivement en aluminium recycl\u00e9 et, \u00e0 leur tour, <strong>recyclables \u00e0 l&rsquo;infini. <\/strong><\/p>\n<p>L&rsquo;aluminium que nous utilisons est issu des cycles de valorisation vertueux de nos autres soci\u00e9t\u00e9s du Groupe.<\/p>\n<p><\/p>\n\n\n<div class=\"wp-block-image is-style-rounded\"><figure class=\"aligncenter size-full is-resized\"><img loading=\"lazy\" decoding=\"async\" src=\"https:\/\/www.ridea.it\/wp-content\/uploads\/2020\/10\/environmental-protection-683437_640-1.jpg\" alt=\"\" class=\"wp-image-13649\" width=\"640\" height=\"360\" srcset=\"https:\/\/www.ridea.it\/wp-content\/uploads\/2020\/10\/environmental-protection-683437_640-1.jpg 640w, https:\/\/www.ridea.it\/wp-content\/uploads\/2020\/10\/environmental-protection-683437_640-1-300x169.jpg 300w\" sizes=\"auto, (max-width: 640px) 100vw, 640px\" \/><\/figure><\/div>\n\n\n\n<p><\/p>\n\n\n\n<p><\/p>\n\n\n\n<p class=\"has-large-font-size\"><strong>+160.000 Ton<\/strong> <\/p>\n\n\n\n<p>de mati\u00e8re recycl\u00e9e de notre Groupe, un% de l&rsquo;ensemble de la mati\u00e8re r\u00e9cup\u00e9r\u00e9e est utilis\u00e9 en interne pour produire nos radiateurs.<\/p>\n\n\n\n<p><\/p>\n\n\n\n<p class=\"has-large-font-size\"><strong>-300.000 Ton<\/strong><\/p>\n\n\n\n<p>les tonnes d&rsquo;\u00e9quivalent CO2 \u00e9conomis\u00e9es, c&rsquo;est-\u00e0-dire non rejet\u00e9es dans l&rsquo;atmosph\u00e8re par la valorisation des d\u00e9chets d&rsquo;aluminium.<\/p>\n\n\n\n<p><\/p>\n\n\n\n<p class=\"has-large-font-size\"><strong>+450.000<\/strong><\/p>\n\n\n\n<p>les arbres avaient besoin de reconvertir toute cette quantit\u00e9 de dioxyde de carbone.<\/p>\n","protected":false},"excerpt":{"rendered":"<p>Ridea est design durable la durabilit\u00e9 de l&rsquo;environnement. \u00e9conomie circulaire. Tous nos radiateurs sont \u00e9cologiques, fabriqu\u00e9s exclusivement en aluminium recycl\u00e9 et, \u00e0 leur tour, recyclables \u00e0 l&rsquo;infini. L&rsquo;aluminium que nous utilisons est issu des cycles de valorisation vertueux de nos autres soci\u00e9t\u00e9s du Groupe. +160.000 Ton de mati\u00e8re recycl\u00e9e de notre Groupe, un% de l&rsquo;ensemble [&hellip;]<\/p>\n","protected":false},"author":3,"featured_media":0,"parent":0,"menu_order":0,"comment_status":"closed","ping_status":"closed","template":"template_comfortelettrico.php","meta":{"_acf_changed":false,"footnotes":""},"yst_prominent_words":[447,449,453,529,797,813,446],"class_list":["post-13715","page","type-page","status-publish","hentry"],"acf":[],"_links":{"self":[{"href":"https:\/\/www.ridea.it\/fr\/wp-json\/wp\/v2\/pages\/13715","targetHints":{"allow":["GET"]}}],"collection":[{"href":"https:\/\/www.ridea.it\/fr\/wp-json\/wp\/v2\/pages"}],"about":[{"href":"https:\/\/www.ridea.it\/fr\/wp-json\/wp\/v2\/types\/page"}],"author":[{"embeddable":true,"href":"https:\/\/www.ridea.it\/fr\/wp-json\/wp\/v2\/users\/3"}],"replies":[{"embeddable":true,"href":"https:\/\/www.ridea.it\/fr\/wp-json\/wp\/v2\/comments?post=13715"}],"version-history":[{"count":5,"href":"https:\/\/www.ridea.it\/fr\/wp-json\/wp\/v2\/pages\/13715\/revisions"}],"predecessor-version":[{"id":14013,"href":"https:\/\/www.ridea.it\/fr\/wp-json\/wp\/v2\/pages\/13715\/revisions\/14013"}],"wp:attachment":[{"href":"https:\/\/www.ridea.it\/fr\/wp-json\/wp\/v2\/media?parent=13715"}],"wp:term":[{"taxonomy":"yst_prominent_words","embeddable":true,"href":"https:\/\/www.ridea.it\/fr\/wp-json\/wp\/v2\/yst_prominent_words?post=13715"}],"curies":[{"name":"wp","href":"https:\/\/api.w.org\/{rel}","templated":true}]}}