{"id":2631,"date":"2017-05-16T13:09:45","date_gmt":"2017-05-16T13:09:45","guid":{"rendered":"https:\/\/www.ridea.it\/gruppo-fecs\/"},"modified":"2020-10-19T12:24:35","modified_gmt":"2020-10-19T12:24:35","slug":"gruppo-fecs","status":"publish","type":"page","link":"https:\/\/www.ridea.it\/fr\/azienda\/gruppo-fecs\/","title":{"rendered":"Goupe Fecs"},"content":{"rendered":"<p id=\"tw-target-text\" class=\"tw-data-text tw-text-large XcVN5d tw-ta\" dir=\"ltr\" data-placeholder=\"Traduzione\"><span lang=\"fr\">Le <strong>groupe industriel FECS<\/strong>, dirig\u00e9 par l&rsquo;entrepreneur Olivo Foglieni, a \u00e9t\u00e9 fond\u00e9 en 1999. Quelques ann\u00e9es plus tard, il est devenu une r\u00e9alit\u00e9 unique en son genre, un syst\u00e8me verticalis\u00e9 d&rsquo;entreprises op\u00e9rant dans une parfaite \u00e9conomie circulaire. <\/span><\/p>\n<p class=\"tw-data-text tw-text-large XcVN5d tw-ta\" dir=\"ltr\" data-placeholder=\"Traduzione\"><span lang=\"fr\">Gr\u00e2ce aux diff\u00e9rentes soci\u00e9t\u00e9s qui le composent, le Groupe cl\u00f4ture \u00e0 lui seul un cycle de production verticalis\u00e9 que peu de gens poss\u00e8dent dans le monde: de la ferraille \u00e0 la mati\u00e8re premi\u00e8re, des mati\u00e8res premi\u00e8res aux produits finis de conception, en travaillant dans une optique de d\u00e9veloppement durable et en pr\u00e9servant des ressources importantes. ressources naturelles de notre plan\u00e8te, donnant une nouvelle vie \u00e0 ce qui pour beaucoup est consid\u00e9r\u00e9 comme un \u00abd\u00e9chet\u00bb.<\/span><\/p>\n<p>\u00a0<\/p>\n<p><a class=\"leggi\" href=\"https:\/\/www.youtube.com\/watch?v=_fRraP6F1fU\" target=\"_blank\" rel=\"noopener noreferrer\">REGARDEZ LA VID\u00c9O DU GROUPE<\/a><\/p>\n<p>\u00a0<\/p>\n\n\n<figure class=\"wp-block-image size-large\"><img loading=\"lazy\" decoding=\"async\" width=\"1024\" height=\"724\" src=\"https:\/\/www.ridea.it\/wp-content\/uploads\/2020\/10\/infografica-Economia-Circolare-OK-nov2019-1024x724.jpg\" alt=\"\" class=\"wp-image-13965\" srcset=\"https:\/\/www.ridea.it\/wp-content\/uploads\/2020\/10\/infografica-Economia-Circolare-OK-nov2019-1024x724.jpg 1024w, https:\/\/www.ridea.it\/wp-content\/uploads\/2020\/10\/infografica-Economia-Circolare-OK-nov2019-300x212.jpg 300w, https:\/\/www.ridea.it\/wp-content\/uploads\/2020\/10\/infografica-Economia-Circolare-OK-nov2019-768x543.jpg 768w, https:\/\/www.ridea.it\/wp-content\/uploads\/2020\/10\/infografica-Economia-Circolare-OK-nov2019-1536x1086.jpg 1536w, https:\/\/www.ridea.it\/wp-content\/uploads\/2020\/10\/infografica-Economia-Circolare-OK-nov2019-2048x1448.jpg 2048w\" sizes=\"auto, (max-width: 1024px) 100vw, 1024px\" \/><\/figure>\n","protected":false},"excerpt":{"rendered":"<p>Le groupe industriel FECS, dirig\u00e9 par l&rsquo;entrepreneur Olivo Foglieni, a \u00e9t\u00e9 fond\u00e9 en 1999. Quelques ann\u00e9es plus tard, il est devenu une r\u00e9alit\u00e9 unique en son genre, un syst\u00e8me verticalis\u00e9 d&rsquo;entreprises op\u00e9rant dans une parfaite \u00e9conomie circulaire. Gr\u00e2ce aux diff\u00e9rentes soci\u00e9t\u00e9s qui le composent, le Groupe cl\u00f4ture \u00e0 lui seul un cycle de production verticalis\u00e9 [&hellip;]<\/p>\n","protected":false},"author":1,"featured_media":0,"parent":2759,"menu_order":3,"comment_status":"closed","ping_status":"closed","template":"template_children.php","meta":{"_acf_changed":false,"footnotes":""},"yst_prominent_words":[591,446,447,449,453,529,589],"class_list":["post-2631","page","type-page","status-publish","hentry"],"acf":[],"_links":{"self":[{"href":"https:\/\/www.ridea.it\/fr\/wp-json\/wp\/v2\/pages\/2631","targetHints":{"allow":["GET"]}}],"collection":[{"href":"https:\/\/www.ridea.it\/fr\/wp-json\/wp\/v2\/pages"}],"about":[{"href":"https:\/\/www.ridea.it\/fr\/wp-json\/wp\/v2\/types\/page"}],"author":[{"embeddable":true,"href":"https:\/\/www.ridea.it\/fr\/wp-json\/wp\/v2\/users\/1"}],"replies":[{"embeddable":true,"href":"https:\/\/www.ridea.it\/fr\/wp-json\/wp\/v2\/comments?post=2631"}],"version-history":[{"count":4,"href":"https:\/\/www.ridea.it\/fr\/wp-json\/wp\/v2\/pages\/2631\/revisions"}],"predecessor-version":[{"id":13974,"href":"https:\/\/www.ridea.it\/fr\/wp-json\/wp\/v2\/pages\/2631\/revisions\/13974"}],"up":[{"embeddable":true,"href":"https:\/\/www.ridea.it\/fr\/wp-json\/wp\/v2\/pages\/2759"}],"wp:attachment":[{"href":"https:\/\/www.ridea.it\/fr\/wp-json\/wp\/v2\/media?parent=2631"}],"wp:term":[{"taxonomy":"yst_prominent_words","embeddable":true,"href":"https:\/\/www.ridea.it\/fr\/wp-json\/wp\/v2\/yst_prominent_words?post=2631"}],"curies":[{"name":"wp","href":"https:\/\/api.w.org\/{rel}","templated":true}]}}