{"id":2757,"date":"2017-05-16T13:09:16","date_gmt":"2017-05-16T13:09:16","guid":{"rendered":"https:\/\/www.ridea.it\/chi-siamo\/"},"modified":"2021-12-13T11:25:47","modified_gmt":"2021-12-13T10:25:47","slug":"chi-siamo","status":"publish","type":"page","link":"https:\/\/www.ridea.it\/fr\/azienda\/chi-siamo\/","title":{"rendered":"Pr\u00e9sentation"},"content":{"rendered":"<p id=\"tw-target-text\" class=\"tw-data-text tw-text-large tw-ta\" dir=\"ltr\" data-placeholder=\"Traduzione\"><span class=\"Y2IQFc\" lang=\"fr\"><strong>Ridea srl<\/strong>, a \u00e9t\u00e9 fond\u00e9e en 2007 pour donner une r\u00e9ponse diff\u00e9rente et concr\u00e8te au march\u00e9 italien et international de plus en plus exigeant du design de meubles. <\/span><\/p>\n<p class=\"tw-data-text tw-text-large tw-ta\" dir=\"ltr\" data-placeholder=\"Traduzione\"><span class=\"Y2IQFc\" lang=\"fr\">\u00c0 partir de mars 2019, la production a \u00e9t\u00e9 transf\u00e9r\u00e9e sur le site de production de Porto Recanati, dans la r\u00e9gion des Marches, afin de renforcer le leadership de la marque Ridea Heating Design dans le secteur des syst\u00e8mes de chauffage haut de gamme et de combiner toutes les connaissances techniques et de construction dans un seul centre sp\u00e9cialis\u00e9 pour le traitement des produits extrud\u00e9s design. <\/span><\/p>\n<p class=\"tw-data-text tw-text-large tw-ta\" dir=\"ltr\" data-placeholder=\"Traduzione\"><span class=\"Y2IQFc\" lang=\"fr\">La marque Ridea s&rsquo;est toujours vant\u00e9e d&rsquo;importantes collaborations dans la conception et le contr\u00f4le qualit\u00e9 de chaque produit individuel. La marque est constamment soutenue par le <strong>D\u00e9partement de l&rsquo;\u00e9nergie du Politecnico di Milano<\/strong> et par d&rsquo;importantes entreprises italiennes d&rsquo;architecture et de design. La large gamme de radiateurs d\u00e9coratifs est compos\u00e9e de produits au design innovant (aluminium extrud\u00e9 et plaques radiantes) aux caract\u00e9ristiques uniques et, tout en utilisant les technologies de production les plus sophistiqu\u00e9es, la marque garantit un soin artisanal dans les finitions, toutes du plus haut niveau , et une attention obsessionnelle aux d\u00e9tails dans la pure tradition italienne du produit \u00ab<strong>Made in Italy<\/strong>\u00bb.<\/span><\/p>\n","protected":false},"excerpt":{"rendered":"<p>Ridea srl, a \u00e9t\u00e9 fond\u00e9e en 2007 pour donner une r\u00e9ponse diff\u00e9rente et concr\u00e8te au march\u00e9 italien et international de plus en plus exigeant du design de meubles. \u00c0 partir de mars 2019, la production a \u00e9t\u00e9 transf\u00e9r\u00e9e sur le site de production de Porto Recanati, dans la r\u00e9gion des Marches, afin de renforcer le [&hellip;]<\/p>\n","protected":false},"author":1,"featured_media":0,"parent":2759,"menu_order":1,"comment_status":"closed","ping_status":"closed","template":"template_chisiamo.php","meta":{"_acf_changed":false,"footnotes":""},"yst_prominent_words":[446,449,453,457,527,531,568,586,588,589,590,591,592,594,598,396,797],"class_list":["post-2757","page","type-page","status-publish","hentry"],"acf":[],"_links":{"self":[{"href":"https:\/\/www.ridea.it\/fr\/wp-json\/wp\/v2\/pages\/2757","targetHints":{"allow":["GET"]}}],"collection":[{"href":"https:\/\/www.ridea.it\/fr\/wp-json\/wp\/v2\/pages"}],"about":[{"href":"https:\/\/www.ridea.it\/fr\/wp-json\/wp\/v2\/types\/page"}],"author":[{"embeddable":true,"href":"https:\/\/www.ridea.it\/fr\/wp-json\/wp\/v2\/users\/1"}],"replies":[{"embeddable":true,"href":"https:\/\/www.ridea.it\/fr\/wp-json\/wp\/v2\/comments?post=2757"}],"version-history":[{"count":5,"href":"https:\/\/www.ridea.it\/fr\/wp-json\/wp\/v2\/pages\/2757\/revisions"}],"predecessor-version":[{"id":15445,"href":"https:\/\/www.ridea.it\/fr\/wp-json\/wp\/v2\/pages\/2757\/revisions\/15445"}],"up":[{"embeddable":true,"href":"https:\/\/www.ridea.it\/fr\/wp-json\/wp\/v2\/pages\/2759"}],"wp:attachment":[{"href":"https:\/\/www.ridea.it\/fr\/wp-json\/wp\/v2\/media?parent=2757"}],"wp:term":[{"taxonomy":"yst_prominent_words","embeddable":true,"href":"https:\/\/www.ridea.it\/fr\/wp-json\/wp\/v2\/yst_prominent_words?post=2757"}],"curies":[{"name":"wp","href":"https:\/\/api.w.org\/{rel}","templated":true}]}}