{"id":2759,"date":"2017-05-16T13:09:01","date_gmt":"2017-05-16T13:09:01","guid":{"rendered":"https:\/\/www.ridea.it\/azienda\/"},"modified":"2017-12-13T15:04:20","modified_gmt":"2017-12-13T15:04:20","slug":"azienda","status":"publish","type":"page","link":"https:\/\/www.ridea.it\/fr\/azienda\/","title":{"rendered":"Soci\u00e9t\u00e9"},"content":{"rendered":"<p>Fond\u00e9 en 2007 avec l&rsquo;intention de renouveler la perception du radiateur en le transformant en un vrai meuble.<br \/>\nEntrez dans le monde de Ridea o\u00f9 DESIGN et INNOVATION animeront votre chauffage.<br \/>\nChoisissez votre radiateur en aluminium enti\u00e8rement personnalisable dans les finitions, les tailles et les accessoires. Nous avons la bonne solution pour toutes vos demandes.<\/p>\n","protected":false},"excerpt":{"rendered":"<p>Fond\u00e9 en 2007 avec l&rsquo;intention de renouveler la perception du radiateur en le transformant en un vrai meuble. Entrez dans le monde de Ridea o\u00f9 DESIGN et INNOVATION animeront votre chauffage. Choisissez votre radiateur en aluminium enti\u00e8rement personnalisable dans les finitions, les tailles et les accessoires. Nous avons la bonne solution pour toutes vos demandes.<\/p>\n","protected":false},"author":1,"featured_media":0,"parent":0,"menu_order":0,"comment_status":"closed","ping_status":"closed","template":"template_scelta.php","meta":{"_acf_changed":false,"footnotes":""},"yst_prominent_words":[],"class_list":["post-2759","page","type-page","status-publish","hentry"],"acf":[],"_links":{"self":[{"href":"https:\/\/www.ridea.it\/fr\/wp-json\/wp\/v2\/pages\/2759","targetHints":{"allow":["GET"]}}],"collection":[{"href":"https:\/\/www.ridea.it\/fr\/wp-json\/wp\/v2\/pages"}],"about":[{"href":"https:\/\/www.ridea.it\/fr\/wp-json\/wp\/v2\/types\/page"}],"author":[{"embeddable":true,"href":"https:\/\/www.ridea.it\/fr\/wp-json\/wp\/v2\/users\/1"}],"replies":[{"embeddable":true,"href":"https:\/\/www.ridea.it\/fr\/wp-json\/wp\/v2\/comments?post=2759"}],"version-history":[{"count":2,"href":"https:\/\/www.ridea.it\/fr\/wp-json\/wp\/v2\/pages\/2759\/revisions"}],"predecessor-version":[{"id":2761,"href":"https:\/\/www.ridea.it\/fr\/wp-json\/wp\/v2\/pages\/2759\/revisions\/2761"}],"wp:attachment":[{"href":"https:\/\/www.ridea.it\/fr\/wp-json\/wp\/v2\/media?parent=2759"}],"wp:term":[{"taxonomy":"yst_prominent_words","embeddable":true,"href":"https:\/\/www.ridea.it\/fr\/wp-json\/wp\/v2\/yst_prominent_words?post=2759"}],"curies":[{"name":"wp","href":"https:\/\/api.w.org\/{rel}","templated":true}]}}