{"id":2766,"date":"2017-05-16T13:12:40","date_gmt":"2017-05-16T13:12:40","guid":{"rendered":"https:\/\/www.ridea.it\/comfort-elettrico\/"},"modified":"2021-06-03T15:28:32","modified_gmt":"2021-06-03T13:28:32","slug":"comfort-elettrico","status":"publish","type":"page","link":"https:\/\/www.ridea.it\/fr\/comfort-elettrico\/","title":{"rendered":"Confort \u00e9lectrique"},"content":{"rendered":"<p id=\"tw-target-text\" class=\"tw-data-text tw-ta tw-text-small\" dir=\"ltr\" style=\"text-align: center;\" data-placeholder=\"Traduzione\"><strong>LE NOUVEAU SYST\u00c8ME DE CONTRLE POUR VOTRE CHAUFFAGE NATIONAL.<\/strong><\/p>\n<p id=\"tw-target-text\" class=\"tw-data-text tw-text-large XcVN5d tw-ta\" dir=\"ltr\" style=\"text-align: center;\" data-placeholder=\"Traduzione\"><span class=\"Y2IQFc\" lang=\"fr\">Radiatori 2000 Smart permet le raccordement total de tous les radiateurs de la maison. <\/span><\/p>\n<p class=\"tw-data-text tw-text-large XcVN5d tw-ta\" dir=\"ltr\" style=\"text-align: center;\" data-placeholder=\"Traduzione\"><span class=\"Y2IQFc\" lang=\"fr\">Chaque appareil est install\u00e9 \u00e0 l&rsquo;arri\u00e8re du radiateur et contr\u00f4lable depuis le smartphone &#8211; gr\u00e2ce \u00e0 l&rsquo;application &lsquo;Radiatori 2000 Smart&rsquo; &#8211; ou via la t\u00e9l\u00e9commande sans fil. <\/span><\/p>\n<p dir=\"ltr\" data-placeholder=\"Traduzione\">\n<\/p><p dir=\"ltr\" data-placeholder=\"Traduzione\"><\/p>\n\n\n<p class=\"has-text-align-left\"><\/p>\n\n\n\n<div class=\"wp-block-image\"><figure class=\"alignleft\"><img loading=\"lazy\" decoding=\"async\" width=\"300\" height=\"169\" src=\"https:\/\/www.ridea.it\/wp-content\/uploads\/2021\/03\/X-2.170-300x169.jpg\" alt=\"\" class=\"wp-image-14718\" srcset=\"https:\/\/www.ridea.it\/wp-content\/uploads\/2021\/03\/X-2.170-300x169.jpg 300w, https:\/\/www.ridea.it\/wp-content\/uploads\/2021\/03\/X-2.170-1024x576.jpg 1024w, https:\/\/www.ridea.it\/wp-content\/uploads\/2021\/03\/X-2.170-768x432.jpg 768w, https:\/\/www.ridea.it\/wp-content\/uploads\/2021\/03\/X-2.170-1536x864.jpg 1536w, https:\/\/www.ridea.it\/wp-content\/uploads\/2021\/03\/X-2.170-2048x1152.jpg 2048w\" sizes=\"auto, (max-width: 300px) 100vw, 300px\" \/><figcaption>Le thermostat intelligent \u00ab\u00a0Radiatori 2000 SMART\u00a0\u00bb avec positionnement sous le radiateur ou sur le cot\u00e9, selon la demande du client.<\/figcaption><\/figure><\/div>\n\n\n\n<div class=\"wp-block-group\"><div class=\"wp-block-group__inner-container is-layout-flow wp-block-group-is-layout-flow\">\n<div class=\"wp-block-group\"><div class=\"wp-block-group__inner-container is-layout-flow wp-block-group-is-layout-flow\">\n<div class=\"wp-block-image is-style-default\"><figure class=\"alignleft size-large is-resized\"><img loading=\"lazy\" decoding=\"async\" src=\"https:\/\/www.ridea.it\/wp-content\/uploads\/2021\/03\/Leggero-II-bassa-ris-termostato-lato-2.jpg\" alt=\"\" class=\"wp-image-14748\" width=\"309\" height=\"442\" srcset=\"https:\/\/www.ridea.it\/wp-content\/uploads\/2021\/03\/Leggero-II-bassa-ris-termostato-lato-2.jpg 618w, https:\/\/www.ridea.it\/wp-content\/uploads\/2021\/03\/Leggero-II-bassa-ris-termostato-lato-2-210x300.jpg 210w\" sizes=\"auto, (max-width: 309px) 100vw, 309px\" \/><figcaption>Thermostat intelligent fix\u00e9 sur le cot\u00e9 du radiateur.<\/figcaption><\/figure><\/div>\n<\/div><\/div>\n<\/div><\/div>\n\n\n\n<\/p>\n<p dir=\"ltr\" data-placeholder=\"Traduzione\">\n\n\n\n<div class=\"wp-block-image\"><figure class=\"alignleft size-large is-resized\"><img decoding=\"async\" src=\"https:\/\/www.ridea.it\/wp-content\/uploads\/2021\/03\/OthelloPlate_Bianco_elettronica_verde-1-853x1024.jpg\" alt=\"\" class=\"wp-image-14761\" width=\"309\" srcset=\"https:\/\/www.ridea.it\/wp-content\/uploads\/2021\/03\/OthelloPlate_Bianco_elettronica_verde-1-853x1024.jpg 853w, https:\/\/www.ridea.it\/wp-content\/uploads\/2021\/03\/OthelloPlate_Bianco_elettronica_verde-1-250x300.jpg 250w, https:\/\/www.ridea.it\/wp-content\/uploads\/2021\/03\/OthelloPlate_Bianco_elettronica_verde-1-768x922.jpg 768w, https:\/\/www.ridea.it\/wp-content\/uploads\/2021\/03\/OthelloPlate_Bianco_elettronica_verde-1-1280x1536.jpg 1280w, https:\/\/www.ridea.it\/wp-content\/uploads\/2021\/03\/OthelloPlate_Bianco_elettronica_verde-1-1706x2048.jpg 1706w\" sizes=\"(max-width: 853px) 100vw, 853px\" \/><figcaption>Thermostat intelligent fix\u00e9 sous le radiateur.<\/figcaption><\/figure><\/div>\n\n\n\n<p><\/p>\n\n\n\n<p><\/p>\n\n\n\n<p><\/p>\n\n\n\n<p><\/p>\n\n\n\n<p><\/p>\n\n\n\n<p><\/p>\n\n\n\n<p><\/p>\n\n\n\n<p><\/p>\n\n\n\n<p><\/p>\n\n\n\n<p><\/p>\n\n\n\n<p><\/p>\n\n\n\n<p><\/p>\n\n\n\n<div class=\"wp-block-columns is-layout-flex wp-container-core-columns-is-layout-9d6595d7 wp-block-columns-is-layout-flex\">\n<div class=\"wp-block-column is-layout-flow wp-block-column-is-layout-flow\" style=\"flex-basis:100%\">\n<div class=\"wp-block-columns is-layout-flex wp-container-core-columns-is-layout-9d6595d7 wp-block-columns-is-layout-flex\">\n<div class=\"wp-block-column is-layout-flow wp-block-column-is-layout-flow\" style=\"flex-basis:100%\"><\/div>\n<\/div>\n<\/div>\n<\/div>\n\n\n\n<div class=\"wp-block-buttons is-content-justification-left is-layout-flex wp-block-buttons-is-layout-flex\">\n<div class=\"wp-block-button\"><a class=\"wp-block-button__link\" href=\"https:\/\/www.ridea.it\/wp-content\/uploads\/2021\/03\/Radiatori2000-Electric-range-IT_EN_low.pdf\" target=\"_blank\" rel=\"noopener\"><b>T\u00e9l\u00e9charger la brochure <\/b><\/a><\/div>\n<\/div>\n\n\n<p><\/p>","protected":false},"excerpt":{"rendered":"<p>LE NOUVEAU SYST\u00c8ME DE CONTRLE POUR VOTRE CHAUFFAGE NATIONAL. Radiatori 2000 Smart permet le raccordement total de tous les radiateurs de la maison. Chaque appareil est install\u00e9 \u00e0 l&rsquo;arri\u00e8re du radiateur et contr\u00f4lable depuis le smartphone &#8211; gr\u00e2ce \u00e0 l&rsquo;application &lsquo;Radiatori 2000 Smart&rsquo; &#8211; ou via la t\u00e9l\u00e9commande sans fil.<\/p>\n","protected":false},"author":1,"featured_media":0,"parent":0,"menu_order":0,"comment_status":"closed","ping_status":"closed","template":"template_comfortelettrico.php","meta":{"_acf_changed":false,"footnotes":""},"yst_prominent_words":[531,532,639,399,446,461,503],"class_list":["post-2766","page","type-page","status-publish","hentry"],"acf":[],"_links":{"self":[{"href":"https:\/\/www.ridea.it\/fr\/wp-json\/wp\/v2\/pages\/2766","targetHints":{"allow":["GET"]}}],"collection":[{"href":"https:\/\/www.ridea.it\/fr\/wp-json\/wp\/v2\/pages"}],"about":[{"href":"https:\/\/www.ridea.it\/fr\/wp-json\/wp\/v2\/types\/page"}],"author":[{"embeddable":true,"href":"https:\/\/www.ridea.it\/fr\/wp-json\/wp\/v2\/users\/1"}],"replies":[{"embeddable":true,"href":"https:\/\/www.ridea.it\/fr\/wp-json\/wp\/v2\/comments?post=2766"}],"version-history":[{"count":12,"href":"https:\/\/www.ridea.it\/fr\/wp-json\/wp\/v2\/pages\/2766\/revisions"}],"predecessor-version":[{"id":15111,"href":"https:\/\/www.ridea.it\/fr\/wp-json\/wp\/v2\/pages\/2766\/revisions\/15111"}],"wp:attachment":[{"href":"https:\/\/www.ridea.it\/fr\/wp-json\/wp\/v2\/media?parent=2766"}],"wp:term":[{"taxonomy":"yst_prominent_words","embeddable":true,"href":"https:\/\/www.ridea.it\/fr\/wp-json\/wp\/v2\/yst_prominent_words?post=2766"}],"curies":[{"name":"wp","href":"https:\/\/api.w.org\/{rel}","templated":true}]}}