{"id":2785,"date":"2017-09-05T13:49:34","date_gmt":"2017-09-05T13:49:34","guid":{"rendered":"https:\/\/www.ridea.it\/termoarredi-personalizzabili-piastre-design\/"},"modified":"2017-12-13T16:24:59","modified_gmt":"2017-12-13T16:24:59","slug":"termoarredi-personalizzabili-piastre-design","status":"publish","type":"page","link":"https:\/\/www.ridea.it\/fr\/termoarredi-personalizzabili-piastre-design\/","title":{"rendered":"Personnalisations"},"content":{"rendered":"<div class=\"lined\">\n<div class=\"lined2\"><img loading=\"lazy\" decoding=\"async\" width=\"30\" height=\"30\" class=\"img-centrata size-full wp-image-1866\" src=\"https:\/\/www.ridea.it\/wp-content\/uploads\/2017\/05\/icona_personalizzazioni.png\" alt=\"\" \/><\/div>\n<\/div>\n<p><em>\u201cLe design est l&rsquo;un des principaux facteurs pour trouver des solutions \u00e0 l&rsquo;avant-garde, qui puissent modifier l&rsquo;aspect d&rsquo;un objet, mais il est encore plus important de l&rsquo;associer \u00e0 une r\u00e9elle fonctionnalit\u00e9 d\u00e9rivant de l&rsquo;utilisation de technologies \u00e9volu\u00e9es capables de r\u00e9soudre des probl\u00e8mes concrets\u201d.<\/em><\/p>\n<p><em>Ridea R&amp;D Team<\/em><\/p>\n","protected":false},"excerpt":{"rendered":"<p>\u201cLe design est l&rsquo;un des principaux facteurs pour trouver des solutions \u00e0 l&rsquo;avant-garde, qui puissent modifier l&rsquo;aspect d&rsquo;un objet, mais il est encore plus important de l&rsquo;associer \u00e0 une r\u00e9elle fonctionnalit\u00e9 d\u00e9rivant de l&rsquo;utilisation de technologies \u00e9volu\u00e9es capables de r\u00e9soudre des probl\u00e8mes concrets\u201d. Ridea R&amp;D Team<\/p>\n","protected":false},"author":1,"featured_media":0,"parent":0,"menu_order":0,"comment_status":"closed","ping_status":"closed","template":"template_personalizzazioni.php","meta":{"_acf_changed":false,"footnotes":""},"yst_prominent_words":[],"class_list":["post-2785","page","type-page","status-publish","hentry"],"acf":[],"_links":{"self":[{"href":"https:\/\/www.ridea.it\/fr\/wp-json\/wp\/v2\/pages\/2785","targetHints":{"allow":["GET"]}}],"collection":[{"href":"https:\/\/www.ridea.it\/fr\/wp-json\/wp\/v2\/pages"}],"about":[{"href":"https:\/\/www.ridea.it\/fr\/wp-json\/wp\/v2\/types\/page"}],"author":[{"embeddable":true,"href":"https:\/\/www.ridea.it\/fr\/wp-json\/wp\/v2\/users\/1"}],"replies":[{"embeddable":true,"href":"https:\/\/www.ridea.it\/fr\/wp-json\/wp\/v2\/comments?post=2785"}],"version-history":[{"count":2,"href":"https:\/\/www.ridea.it\/fr\/wp-json\/wp\/v2\/pages\/2785\/revisions"}],"predecessor-version":[{"id":2794,"href":"https:\/\/www.ridea.it\/fr\/wp-json\/wp\/v2\/pages\/2785\/revisions\/2794"}],"wp:attachment":[{"href":"https:\/\/www.ridea.it\/fr\/wp-json\/wp\/v2\/media?parent=2785"}],"wp:term":[{"taxonomy":"yst_prominent_words","embeddable":true,"href":"https:\/\/www.ridea.it\/fr\/wp-json\/wp\/v2\/yst_prominent_words?post=2785"}],"curies":[{"name":"wp","href":"https:\/\/api.w.org\/{rel}","templated":true}]}}